{"id":3793,"date":"2024-07-12T17:35:00","date_gmt":"2024-07-12T17:35:00","guid":{"rendered":"https:\/\/levieuxmanoir-amboise.com\/?page_id=3793"},"modified":"2025-07-30T20:26:03","modified_gmt":"2025-07-30T20:26:03","slug":"directions","status":"publish","type":"page","link":"https:\/\/levieuxmanoir-amboise.com\/fr\/directions\/","title":{"rendered":"Adresse &amp; Tourisme"},"content":{"rendered":"<div data-elementor-type=\"wp-page\" data-elementor-id=\"3793\" class=\"elementor elementor-3793\" data-elementor-post-type=\"page\">\n\t\t\t\t<div class=\"elementor-element elementor-element-6350ce5 e-flex e-con-boxed e-con e-parent\" data-id=\"6350ce5\" data-element_type=\"container\">\n\t\t\t\t\t<div class=\"e-con-inner\">\n\t\t\t\t<div class=\"elementor-element elementor-element-d32ebe5 elementor-widget elementor-widget-heading\" data-id=\"d32ebe5\" data-element_type=\"widget\" data-widget_type=\"heading.default\">\n\t\t\t\t<div class=\"elementor-widget-container\">\n\t\t\t<h2 class=\"elementor-heading-title elementor-size-default\">Trouvez facilement Le Vieux Manoir<\/h2>\t\t<\/div>\n\t\t\t\t<\/div>\n\t\t<div class=\"elementor-element elementor-element-6a90ef9 e-con-full e-flex e-con e-child\" data-id=\"6a90ef9\" data-element_type=\"container\">\n\t\t<div class=\"elementor-element elementor-element-3f0f655 e-con-full e-flex e-con e-child\" data-id=\"3f0f655\" data-element_type=\"container\">\n\t\t\t\t<div class=\"elementor-element elementor-element-186f60d elementor-widget elementor-widget-google_maps\" data-id=\"186f60d\" data-element_type=\"widget\" data-widget_type=\"google_maps.default\">\n\t\t\t\t<div class=\"elementor-widget-container\">\n\t\t\t\t\t<div class=\"elementor-custom-embed\">\n\t\t\t<iframe loading=\"lazy\"\n\t\t\t\t\tsrc=\"https:\/\/maps.google.com\/maps?q=le%20vieux%20manoir%20amboise&#038;t=m&#038;z=13&#038;output=embed&#038;iwloc=near\"\n\t\t\t\t\ttitle=\"le vieux manoir amboise\"\n\t\t\t\t\taria-label=\"le vieux manoir amboise\"\n\t\t\t><\/iframe>\n\t\t<\/div>\n\t\t\t\t<\/div>\n\t\t\t\t<\/div>\n\t\t\t\t<\/div>\n\t\t<div class=\"elementor-element elementor-element-3d250cd e-con-full e-flex e-con e-child\" data-id=\"3d250cd\" data-element_type=\"container\">\n\t\t\t\t<div class=\"elementor-element elementor-element-2906e45 elementor-widget elementor-widget-heading\" data-id=\"2906e45\" data-element_type=\"widget\" data-widget_type=\"heading.default\">\n\t\t\t\t<div class=\"elementor-widget-container\">\n\t\t\t<h2 class=\"elementor-heading-title elementor-size-default\">Amboise<\/h2>\t\t<\/div>\n\t\t\t\t<\/div>\n\t\t\t\t<div class=\"elementor-element elementor-element-2fb18f0 elementor-widget elementor-widget-text-editor\" data-id=\"2fb18f0\" data-element_type=\"widget\" data-widget_type=\"text-editor.default\">\n\t\t\t\t<div class=\"elementor-widget-container\">\n\t\t\t\t\t\t\tSitu\u00e9e au c\u0153ur de la vall\u00e9e de la Loire, c\u2019est la ville de d\u00e9part id\u00e9ale pour explorer la r\u00e9gion. \t\t\t\t\t\t<\/div>\n\t\t\t\t<\/div>\n\t\t\t\t<div class=\"elementor-element elementor-element-f58e37a elementor-widget-divider--separator-type-pattern elementor-widget-divider--view-line elementor-widget elementor-widget-divider\" data-id=\"f58e37a\" data-element_type=\"widget\" data-widget_type=\"divider.default\">\n\t\t\t\t<div class=\"elementor-widget-container\">\n\t\t\t\t\t<div class=\"elementor-divider\" style=\"--divider-pattern-url: url(&quot;data:image\/svg+xml,%3Csvg xmlns=&#039;http:\/\/www.w3.org\/2000\/svg&#039; preserveAspectRatio=&#039;none&#039; overflow=&#039;visible&#039; height=&#039;100%&#039; viewBox=&#039;0 0 24 24&#039; fill=&#039;none&#039; stroke=&#039;black&#039; stroke-width=&#039;1&#039; stroke-linecap=&#039;square&#039; stroke-miterlimit=&#039;10&#039;%3E%3Cpath d=&#039;M0,6c6,0,6,13,12,13S18,6,24,6&#039;\/%3E%3C\/svg%3E&quot;);\">\n\t\t\t<span class=\"elementor-divider-separator\">\n\t\t\t\t\t\t<\/span>\n\t\t<\/div>\n\t\t\t\t<\/div>\n\t\t\t\t<\/div>\n\t\t\t\t<div class=\"elementor-element elementor-element-6ec2c22 elementor-widget__width-initial elementor-widget elementor-widget-text-editor\" data-id=\"6ec2c22\" data-element_type=\"widget\" data-widget_type=\"text-editor.default\">\n\t\t\t\t<div class=\"elementor-widget-container\">\n\t\t\t\t\t\t\t<p>R\u00e9gion<\/p>\t\t\t\t\t\t<\/div>\n\t\t\t\t<\/div>\n\t\t\t\t<div class=\"elementor-element elementor-element-87d0cb7 elementor-widget elementor-widget-heading\" data-id=\"87d0cb7\" data-element_type=\"widget\" data-widget_type=\"heading.default\">\n\t\t\t\t<div class=\"elementor-widget-container\">\n\t\t\t<h2 class=\"elementor-heading-title elementor-size-default\">Vall\u00e9e de la Loire<\/h2>\t\t<\/div>\n\t\t\t\t<\/div>\n\t\t\t\t<div class=\"elementor-element elementor-element-daf1bbc elementor-widget elementor-widget-text-editor\" data-id=\"daf1bbc\" data-element_type=\"widget\" data-widget_type=\"text-editor.default\">\n\t\t\t\t<div class=\"elementor-widget-container\">\n\t\t\t\t\t\t\t<p>\u00c0 courte distance de Paris, facilement accessible en train ou en voiture, la Vall\u00e9e de la Loire vous accueille avec ses ch\u00e2teaux, ses vignobles et son charme intemporel.<\/p>\t\t\t\t\t\t<\/div>\n\t\t\t\t<\/div>\n\t\t\t\t<\/div>\n\t\t\t\t<\/div>\n\t\t\t\t\t<\/div>\n\t\t\t\t<\/div>\n\t\t<div class=\"elementor-element elementor-element-384aa65 e-flex e-con-boxed e-con e-parent\" data-id=\"384aa65\" data-element_type=\"container\">\n\t\t\t\t\t<div class=\"e-con-inner\">\n\t\t\t\t<div class=\"elementor-element elementor-element-43737fe elementor-widget elementor-widget-heading\" data-id=\"43737fe\" data-element_type=\"widget\" data-widget_type=\"heading.default\">\n\t\t\t\t<div class=\"elementor-widget-container\">\n\t\t\t<h2 class=\"elementor-heading-title elementor-size-default\">Comment s'y rendre<\/h2>\t\t<\/div>\n\t\t\t\t<\/div>\n\t\t\t\t<div class=\"elementor-element elementor-element-64dae17 elementor-widget elementor-widget-text-editor\" data-id=\"64dae17\" data-element_type=\"widget\" data-widget_type=\"text-editor.default\">\n\t\t\t\t<div class=\"elementor-widget-container\">\n\t\t\t\t\t\t\t<p>Depuis Paris, plusieurs options s'offrent \u00e0 vous<\/p><ul><li class=\" translation-block\">Si vous arrivez \u00e0 l\u2019<strong>a\u00e9roport Charles de Gaulle<\/strong>:<\/li><\/ul><ol><li>Louez une voiture et conduisez directement jusqu\u2019\u00e0 Amboise. Demandez \u00e0 l\u2019agence de location de vous indiquer l\u2019Autoroute A10 en direction du sud. Suivez les panneaux vers Bordeaux. Amboise se trouve \u00e0 environ 260 km de l\u2019a\u00e9roport, soit environ 2h30 \u00e0 3h de route. Prenez la sortie 18 de l\u2019Autoroute A10 et suivez les indications pour Amboise.<\/li><li>Prenez le TGV jusqu\u2019\u00e0 Saint-Pierre-des-Corps (environ 1 heure 40 minutes), puis prenez le train r\u00e9gional jusqu\u2019\u00e0 Amboise (environ 15 minutes). Le Vieux Manoir se trouve \u00e0 courte distance en taxi de la gare. Une autre option est de prendre le TGV jusqu\u2019\u00e0 Saint-Pierre-des-Corps et de louer une voiture sur place ou \u00e0 Tours.<\/li><li>Prenez le bus de l\u2019a\u00e9roport jusqu\u2019\u00e0 Paris, puis prenez le train r\u00e9gulier depuis la gare d\u2019Austerlitz directement jusqu\u2019\u00e0 Amboise (entre 2 heures et 2 h 45 selon le train).<\/li><\/ol><div>\u00a0<\/div><ul><li class=\" translation-block\">Si vous arrivez \u00e0 l\u2019<strong>a\u00e9roport d\u2019Orly<\/strong>, vous avez les options suivantes:<\/li><\/ul><ol><li>Louez une voiture et conduisez directement jusqu\u2019\u00e0 Amboise. Demandez \u00e0 l\u2019agence de location de vous indiquer l\u2019Autoroute A10 en direction du sud. Suivez les panneaux vers Bordeaux. Il y a environ 220 km entre Orly et Amboise, ce qui repr\u00e9sente environ 2 \u00e0 2h30 de route. Prenez la sortie 18 de l\u2019Autoroute A10 et suivez les indications pour Amboise.<\/li><li>Prenez le bus de l\u2019a\u00e9roport jusqu\u2019\u00e0 Paris, puis prenez le train r\u00e9gional depuis la gare d\u2019Austerlitz comme indiqu\u00e9 ci-dessus.<\/li><li>Prenez le bus de l\u2019a\u00e9roport jusqu\u2019\u00e0 Paris, puis prenez le TGV depuis la gare Montparnasse jusqu\u2019\u00e0 Saint-Pierre-des-Corps (environ 1 heure), puis le train r\u00e9gional jusqu\u2019\u00e0 Amboise.<\/li><\/ol><div>\u00a0<\/div><p class=\" translation-block\">Veuillez <a title=\"https:\/\/www.sncf.com\/fr\" href=\"https:\/\/www.sncf.com\/fr\" target=\"_blank\" rel=\"noopener\"><strong>consulter les horaires des trains SNCF<\/strong><\/a> pour les dates et heures auxquelles vous souhaitez voyager. N\u2019h\u00e9sitez pas \u00e9galement \u00e0 <a href=\"mailto:anne@levieuxmanoir-amboise.com\" target=\"_self\">nous contacter<\/a> si vous avez des questions.<\/p>\t\t\t\t\t\t<\/div>\n\t\t\t\t<\/div>\n\t\t\t\t<div class=\"elementor-element elementor-element-afc5769 elementor-widget elementor-widget-heading\" data-id=\"afc5769\" data-element_type=\"widget\" id=\"abouttheregion\" data-widget_type=\"heading.default\">\n\t\t\t\t<div class=\"elementor-widget-container\">\n\t\t\t<h2 class=\"elementor-heading-title elementor-size-default\">\u00c0 propos d\u2019Amboise<\/h2>\t\t<\/div>\n\t\t\t\t<\/div>\n\t\t\t\t<div class=\"elementor-element elementor-element-3047936 elementor-widget elementor-widget-text-editor\" data-id=\"3047936\" data-element_type=\"widget\" data-widget_type=\"text-editor.default\">\n\t\t\t\t<div class=\"elementor-widget-container\">\n\t\t\t\t\t\t\t<p data-start=\"121\" data-end=\"439\">Amboise est l\u2019une des villes les plus captivantes de la vall\u00e9e de la Loire \u2014 un lieu o\u00f9 l\u2019histoire, la culture fran\u00e7aise et le charme du quotidien se rencontrent. Nich\u00e9e sur les rives de la Loire, Amboise fut autrefois une r\u00e9sidence royale pendant la Renaissance fran\u00e7aise et conserve encore aujourd\u2019hui l\u2019atmosph\u00e8re \u00e9l\u00e9gante de son pass\u00e9 noble.<\/p><p data-start=\"441\" data-end=\"767\" class=\" translation-block\">Au c\u0153ur de la ville se dresse le <strong>Ch\u00e2teau Royal d\u2019Amboise<\/strong>, une imposante forteresse perch\u00e9e offrant une vue panoramique et un riche h\u00e9ritage royal. \u00c0 quelques minutes seulement, le <strong>Clos Luc\u00e9<\/strong> propose une exp\u00e9rience plus intime \u2014 derni\u00e8re demeure de <strong>L\u00e9onard de Vinci<\/strong>, o\u00f9 son atelier, ses maquettes et ses jardins r\u00e9v\u00e8lent tout son g\u00e9nie.<\/p><p data-start=\"769\" data-end=\"1070\">La ville elle-m\u00eame invite \u00e0 la d\u00e9couverte. Ses rues pav\u00e9es serpentent \u00e0 travers un centre anim\u00e9, rempli de caf\u00e9s, bars \u00e0 vin, boulangeries et boutiques artisanales. Chaque semaine, des march\u00e9s en plein air proposent des produits locaux, fromages et vins, tandis que les sentiers le long du fleuve et les cours secr\u00e8tes offrent des endroits paisibles pour se d\u00e9tendre et profiter de la vue.<\/p><p data-start=\"1072\" data-end=\"1330\" class=\" translation-block\">Amboise est \u00e9galement un point de d\u00e9part id\u00e9al pour d\u00e9couvrir la vall\u00e9e de la Loire. Avec un acc\u00e8s facile \u00e0 <strong>Chenonceau<\/strong>, <strong>Chambord<\/strong> et <strong>Chaumont-sur-Loire<\/strong>, ainsi qu\u2019aux vignobles situ\u00e9s \u00e0 quelques minutes, les visiteurs peuvent profiter du meilleur de la r\u00e9gion sans jamais se presser.<\/p><p data-start=\"1332\" data-end=\"1476\" class=\" translation-block\">Que vous soyez ici pour <strong>l\u2019histoire, le vin, la romance ou le repos<\/strong>, Amboise vous offre un s\u00e9jour magnifique et m\u00e9morable au c\u0153ur m\u00eame du pays des ch\u00e2teaux.<\/p>\t\t\t\t\t\t<\/div>\n\t\t\t\t<\/div>\n\t\t\t\t<div class=\"elementor-element elementor-element-a147ce8 elementor-widget elementor-widget-heading\" data-id=\"a147ce8\" data-element_type=\"widget\" data-widget_type=\"heading.default\">\n\t\t\t\t<div class=\"elementor-widget-container\">\n\t\t\t<h2 class=\"elementor-heading-title elementor-size-default\">D\u00e9couvrir la r\u00e9gion<\/h2>\t\t<\/div>\n\t\t\t\t<\/div>\n\t\t\t\t<div class=\"elementor-element elementor-element-53ceedb elementor-widget elementor-widget-text-editor\" data-id=\"53ceedb\" data-element_type=\"widget\" data-widget_type=\"text-editor.default\">\n\t\t\t\t<div class=\"elementor-widget-container\">\n\t\t\t\t\t\t\t<p data-start=\"194\" data-end=\"529\" class=\" translation-block\">Le Vieux Manoir \u00e0 Amboise est situ\u00e9 au c\u0153ur m\u00eame du pays des ch\u00e2teaux. En 30 minutes de voiture, vous pouvez rejoindre Chenonceau, et presque tous les autres ch\u00e2teaux majeurs \u2014 \u00e0 l\u2019exception de Valen\u00e7ay \u2014 sont accessibles en moins d\u2019une heure. Vous pouvez explorer \u00e0 votre rythme en voiture ou participer \u00e0 l\u2019une des nombreuses <strong>visites guid\u00e9es<\/strong> qui partent quotidiennement d\u2019Amboise.<\/p><p data-start=\"531\" data-end=\"799\" class=\" translation-block\">N\u2019oubliez pas que les <strong>vins de la vall\u00e9e de la Loire<\/strong> sont reconnus dans le monde entier. Suivez les routes des vins pittoresques, o\u00f9 vous attendent les blancs p\u00e9tillants de <strong>Vouvray<\/strong> et <strong>Montlouis<\/strong>, ainsi que les rouges fruit\u00e9s de <strong>Chinon<\/strong> et <strong>Bourgueil<\/strong>.<\/p><p data-start=\"801\" data-end=\"1140\" class=\" translation-block\">Au-del\u00e0 des ch\u00e2teaux et du vin, la vall\u00e9e de la Loire offre quelque chose pour chaque voyageur \u2014 du cyclisme sur la piste <strong>Loire \u00e0 V\u00e9lo<\/strong>, \u00e0 la d\u00e9couverte des march\u00e9s fermiers locaux, en passant par des pique-niques au bord de la rivi\u00e8re et des promenades dans les jardins. Riche en patrimoine et pleine de charme, cette r\u00e9gion vous invite \u00e0 ralentir et \u00e0 savourer le meilleur de la culture et de la campagne fran\u00e7aises.<\/p>\t\t\t\t\t\t<\/div>\n\t\t\t\t<\/div>\n\t\t\t\t<div class=\"elementor-element elementor-element-d0a55b0 elementor-widget elementor-widget-heading\" data-id=\"d0a55b0\" data-element_type=\"widget\" data-widget_type=\"heading.default\">\n\t\t\t\t<div class=\"elementor-widget-container\">\n\t\t\t<h2 class=\"elementor-heading-title elementor-size-default\">Organisez vos vacances et visites<\/h2>\t\t<\/div>\n\t\t\t\t<\/div>\n\t\t\t\t<div class=\"elementor-element elementor-element-889aacb elementor-widget elementor-widget-text-editor\" data-id=\"889aacb\" data-element_type=\"widget\" data-widget_type=\"text-editor.default\">\n\t\t\t\t<div class=\"elementor-widget-container\">\n\t\t\t\t\t\t\t<p>Sur le site de l\u2019office de tourisme r\u00e9gional<\/p>\t\t\t\t\t\t<\/div>\n\t\t\t\t<\/div>\n\t\t\t\t<div class=\"elementor-element elementor-element-915de9d elementor-widget elementor-widget-html\" data-id=\"915de9d\" data-element_type=\"widget\" data-widget_type=\"html.default\">\n\t\t\t\t<div class=\"elementor-widget-container\">\n\t\t\t<div style=\"position: relative; width: 100%; height: 400px;\">\n    <iframe src=\"https:\/\/www.touraineloirevalley.co.uk\/\" width=\"100%\" height=\"400px\" frameborder=\"0\" allowfullscreen><\/iframe>\n    <a href=\"https:\/\/www.touraineloirevalley.co.uk\/\" target=\"_blank\" style=\"position: absolute; top: 0; left: 0; width: 100%; height: 100%; z-index: 10;\"><\/a>\n<\/div>\n\t\t<\/div>\n\t\t\t\t<\/div>\n\t\t<a class=\"elementor-element elementor-element-4a35106 e-con-full e-flex e-con e-child\" data-id=\"4a35106\" data-element_type=\"container\" href=\"https:\/\/www.touraineloirevalley.co.uk\/\" target=\"_blank\">\n\t\t\t\t<\/a>\n\t\t\t\t\t<\/div>\n\t\t\t\t<\/div>\n\t\t<div class=\"elementor-element elementor-element-5bb4e01 e-con-full e-flex e-con e-parent\" data-id=\"5bb4e01\" data-element_type=\"container\">\n\t\t\t\t<div class=\"elementor-element elementor-element-70d2911 elementor-cta--layout-image-right elementor-cta--mobile-layout-image-above elementor-cta--skin-classic elementor-animated-content elementor-widget elementor-widget-call-to-action\" data-id=\"70d2911\" data-element_type=\"widget\" data-widget_type=\"call-to-action.default\">\n\t\t\t\t<div class=\"elementor-widget-container\">\n\t\t\t\t\t<div class=\"elementor-cta\">\n\t\t\t\t\t<div class=\"elementor-cta__bg-wrapper\">\n\t\t\t\t<div class=\"elementor-cta__bg elementor-bg\" style=\"background-image: url(https:\/\/levieuxmanoir-amboise.com\/wp-content\/uploads\/2024\/07\/1530214698.jpg);\" role=\"img\" aria-label=\"1530214698\"><\/div>\n\t\t\t\t<div class=\"elementor-cta__bg-overlay\"><\/div>\n\t\t\t<\/div>\n\t\t\t\t\t\t\t<div class=\"elementor-cta__content\">\n\t\t\t\t\n\t\t\t\t\t\t\t\t\t<span class=\"elementor-cta__title elementor-cta__content-item elementor-content-item\">\n\t\t\t\t\t\tDes questions? \t\t\t\t\t<\/span>\n\t\t\t\t\n\t\t\t\t\t\t\t\t\t<div class=\"elementor-cta__description elementor-cta__content-item elementor-content-item\">\n\t\t\t\t\t\tContactez Nous &amp; Reservez D\u00e8s Maintenant\t\t\t\t\t<\/div>\n\t\t\t\t\n\t\t\t\t\t\t\t\t\t<div class=\"elementor-cta__button-wrapper elementor-cta__content-item elementor-content-item\">\n\t\t\t\t\t<a class=\"elementor-cta__button elementor-button elementor-size-md\" href=\"https:\/\/levieuxmanoir-amboise.com\/fr\/reservation\/\">\n\t\t\t\t\t\tContact\t\t\t\t\t<\/a>\n\t\t\t\t\t<\/div>\n\t\t\t\t\t\t\t<\/div>\n\t\t\t\t\t\t<\/div>\n\t\t\t\t<\/div>\n\t\t\t\t<\/div>\n\t\t\t\t<\/div>\n\t\t\t\t<\/div>","protected":false},"excerpt":{"rendered":"<p>Find Le Vieux Manoir Easily Amboise Located in the heart of the Loire Valley, it\u2019s the perfect base for exploring the region. Region Loire Valley A short trip away from Paris, very accessible by train or car, the Loire Valley welcomes you with castles, vineyards, and timeless charm. Directions to Le Vieux Manoir If you [&hellip;]<\/p>","protected":false},"author":6615,"featured_media":0,"parent":0,"menu_order":0,"comment_status":"closed","ping_status":"closed","template":"elementor_header_footer","meta":{"footnotes":""},"class_list":["post-3793","page","type-page","status-publish","hentry"],"_links":{"self":[{"href":"https:\/\/levieuxmanoir-amboise.com\/fr\/wp-json\/wp\/v2\/pages\/3793","targetHints":{"allow":["GET"]}}],"collection":[{"href":"https:\/\/levieuxmanoir-amboise.com\/fr\/wp-json\/wp\/v2\/pages"}],"about":[{"href":"https:\/\/levieuxmanoir-amboise.com\/fr\/wp-json\/wp\/v2\/types\/page"}],"author":[{"embeddable":true,"href":"https:\/\/levieuxmanoir-amboise.com\/fr\/wp-json\/wp\/v2\/users\/6615"}],"replies":[{"embeddable":true,"href":"https:\/\/levieuxmanoir-amboise.com\/fr\/wp-json\/wp\/v2\/comments?post=3793"}],"version-history":[{"count":25,"href":"https:\/\/levieuxmanoir-amboise.com\/fr\/wp-json\/wp\/v2\/pages\/3793\/revisions"}],"predecessor-version":[{"id":4602,"href":"https:\/\/levieuxmanoir-amboise.com\/fr\/wp-json\/wp\/v2\/pages\/3793\/revisions\/4602"}],"wp:attachment":[{"href":"https:\/\/levieuxmanoir-amboise.com\/fr\/wp-json\/wp\/v2\/media?parent=3793"}],"curies":[{"name":"wp","href":"https:\/\/api.w.org\/{rel}","templated":true}]}}