{"id":3994,"date":"2024-07-16T03:32:09","date_gmt":"2024-07-16T03:32:09","guid":{"rendered":"https:\/\/levieuxmanoir-amboise.com\/?page_id=3994"},"modified":"2025-07-30T19:14:40","modified_gmt":"2025-07-30T19:14:40","slug":"privacy","status":"publish","type":"page","link":"https:\/\/levieuxmanoir-amboise.com\/fr\/privacy\/","title":{"rendered":"Politique de Confidentialit\u00e9"},"content":{"rendered":"<div data-elementor-type=\"wp-page\" data-elementor-id=\"3994\" class=\"elementor elementor-3994\" data-elementor-post-type=\"page\">\n\t\t\t\t<div class=\"elementor-element elementor-element-9c0bc61 e-flex e-con-boxed e-con e-parent\" data-id=\"9c0bc61\" data-element_type=\"container\">\n\t\t\t\t\t<div class=\"e-con-inner\">\n\t\t\t\t<div class=\"elementor-element elementor-element-50fc8dc elementor-widget elementor-widget-heading\" data-id=\"50fc8dc\" data-element_type=\"widget\" data-widget_type=\"heading.default\">\n\t\t\t\t<div class=\"elementor-widget-container\">\n\t\t\t<h2 class=\"elementor-heading-title elementor-size-default\">Politique de Confidentialit\u00e9<\/h2>\t\t<\/div>\n\t\t\t\t<\/div>\n\t\t\t\t<div class=\"elementor-element elementor-element-98944b9 elementor-widget elementor-widget-text-editor\" data-id=\"98944b9\" data-element_type=\"widget\" data-widget_type=\"text-editor.default\">\n\t\t\t\t<div class=\"elementor-widget-container\">\n\t\t\t\t\t\t\t<p style=\"font-weight: 400;\">Date d\u2019entr\u00e9e en vigueur: 12 juillet 2024<\/p>\n<p style=\"font-weight: 400;\">Le Vieux Manoir (\u00ab nous \u00bb ou \u00ab notre soci\u00e9t\u00e9 \u00bb) est responsable de l\u2019exploitation du site internet http:\/\/levieuxmanoir.com-amboise\/ (le \u00ab Service \u00bb).<\/p>\n<p style=\"font-weight: 400;\">Cette page vous informe de nos politiques concernant la collecte, l\u2019utilisation et la divulgation de vos donn\u00e9es personnelles lorsque vous utilisez notre Service, ainsi que des choix dont vous disposez \u00e0 propos de ces donn\u00e9es.&nbsp;<\/p>\n<p style=\"font-weight: 400;\">We use your data to provide and improve the Service. By using the Service, you agree to the collection and use of information in accordance with this policy. Unless otherwise defined in this Privacy Policy, terms used in this Privacy Policy have the same meanings as in our Terms and Conditions, accessible from http:\/\/le-vieux-manoir.com\/<\/p>\n<p style=\"font-weight: 400;\"><strong>Collecte et traitement des donn\u00e9es personnelles<\/strong><\/p>\n<p style=\"font-weight: 400;\">Nous recueillons diff\u00e9rents types d\u2019informations \u00e0 des fins diverses, afin de fournir et d\u2019am\u00e9liorer notre Service.<\/p>\n<p style=\"font-weight: 400;\"><strong>Types de donn\u00e9es collect\u00e9es<\/strong><\/p>\n<p style=\"font-weight: 400;\">Donn\u00e9es personnelles<\/p>\n<p style=\"font-weight: 400;\">Lors de l\u2019utilisation de notre Service, il peut vous \u00eatre demand\u00e9 de nous fournir certaines informations personnelles identifiables pouvant \u00eatre utilis\u00e9es pour vous contacter ou vous identifier (\u00ab Donn\u00e9es personnelles \u00bb). Les informations personnelles identifiables peuvent inclure, sans toutefois s\u2019y limiter:<\/p>\n<ul>\n<li style=\"font-weight: 400;\">Adresse e-mail<\/li>\n<li style=\"font-weight: 400;\">Pr\u00e9nom et nom de famille<\/li>\n<li style=\"font-weight: 400;\">Num\u00e9ro de t\u00e9l\u00e9phone<\/li>\n<li style=\"font-weight: 400;\">Adresse, Code postal, Ville, R\u00e9gion (ou D\u00e9partement)<\/li>\n<li style=\"font-weight: 400;\">Cookies et donn\u00e9es d\u2019utilisation<\/li>\n<\/ul>\n<p style=\"font-weight: 400;\">\n<\/p><p style=\"font-weight: 400;\">Donn\u00e9es d\u2019utilisation<\/p>\n<p style=\"font-weight: 400;\">Nous pouvons \u00e9galement recueillir des informations sur la mani\u00e8re dont le Service est consult\u00e9 et utilis\u00e9 (\u00ab Donn\u00e9es d\u2019utilisation \u00bb). Ces Donn\u00e9es d\u2019utilisation peuvent inclure des informations telles que l\u2019adresse IP de votre ordinateur, le type et la version de votre navigateur, les pages de notre Service que vous consultez, la date et l\u2019heure de votre visite, le temps pass\u00e9 sur ces pages, les identifiants uniques de votre appareil et d\u2019autres donn\u00e9es de diagnostic.<\/p>\n<p style=\"font-weight: 400;\">Donn\u00e9es de suivi et cookies<\/p>\n<p style=\"font-weight: 400;\">Nous utilisons des cookies et d\u2019autres technologies de suivi similaires pour suivre l\u2019activit\u00e9 sur notre Service et conserver certaines informations.<\/p>\n<p style=\"font-weight: 400;\">Les cookies sont des fichiers contenant une petite quantit\u00e9 de donn\u00e9es, pouvant inclure un identifiant unique anonyme. Ils sont envoy\u00e9s \u00e0 votre navigateur depuis un site web et stock\u00e9s sur votre appareil. Les technologies de suivi utilis\u00e9es comprennent \u00e9galement les balises, les tags et les scripts, qui servent \u00e0 collecter et \u00e0 suivre des informations, ainsi qu\u2019\u00e0 am\u00e9liorer et analyser notre Service.<\/p>\n<p style=\"font-weight: 400;\">Vous pouvez configurer votre navigateur pour refuser tous les cookies ou pour vous avertir lorsqu\u2019un cookie est envoy\u00e9. Toutefois, si vous n\u2019acceptez pas les cookies, il se peut que vous ne puissiez pas utiliser certaines fonctionnalit\u00e9s de notre Service.<\/p>\n<p style=\"font-weight: 400;\">Exemples de cookies que nous utilisons:<\/p>\n<ul>\n<li style=\"font-weight: 400;\" class=\" translation-block\"><strong>Cookies de session.<\/strong> Nous utilisons les cookies de session pour faire fonctionner notre Service.<\/li>\n<li style=\"font-weight: 400;\" class=\" translation-block\"><strong>Cookies de pr\u00e9f\u00e9rence.<\/strong> Nous utilisons les cookies de pr\u00e9f\u00e9rence pour m\u00e9moriser vos pr\u00e9f\u00e9rences et divers param\u00e8tres.<\/li>\n<li style=\"font-weight: 400;\" class=\" translation-block\"><strong>Cookies de s\u00e9curit\u00e9.<\/strong> Nous utilisons les cookies de s\u00e9curit\u00e9 \u00e0 des fins de s\u00e9curit\u00e9.<\/li>\n<\/ul>\n<p style=\"font-weight: 400;\"><strong>&nbsp;<\/strong><\/p>\n<p style=\"font-weight: 400;\"><strong>Utilisation des donn\u00e9es<\/strong><\/p>\n<p style=\"font-weight: 400;\">Le Vieux Manoir utilise les donn\u00e9es collect\u00e9es \u00e0 des fins diverses:<\/p>\n<ul>\n<li style=\"font-weight: 400;\">Pour fournir et maintenir le Service<\/li>\n<li style=\"font-weight: 400;\">Pour vous informer des modifications apport\u00e9es \u00e0 notre Service<\/li>\n<li style=\"font-weight: 400;\">Pour vous permettre de participer aux fonctionnalit\u00e9s interactives de notre Service lorsque vous choisissez de le faire<\/li>\n<li style=\"font-weight: 400;\">Pour fournir un service d\u2019assistance et de support client<\/li>\n<li style=\"font-weight: 400;\">Pour fournir des analyses ou des informations pr\u00e9cieuses afin d\u2019am\u00e9liorer le Service<\/li>\n<li style=\"font-weight: 400;\">Pour surveiller l\u2019utilisation du Service<\/li>\n<li style=\"font-weight: 400;\">Pour d\u00e9tecter, pr\u00e9venir et r\u00e9soudre les probl\u00e8mes techniques<\/li>\n<\/ul>\n<p style=\"font-weight: 400;\"><strong>&nbsp;<\/strong><\/p>\n<p style=\"font-weight: 400;\"><strong>Transfert des donn\u00e9es<\/strong><\/p>\n<p style=\"font-weight: 400;\">Vos informations, y compris vos Donn\u00e9es personnelles, peuvent \u00eatre transf\u00e9r\u00e9es vers \u2014 et conserv\u00e9es sur \u2014 des ordinateurs situ\u00e9s en dehors de votre \u00c9tat, province, pays ou autre juridiction gouvernementale, o\u00f9 les lois en mati\u00e8re de protection des donn\u00e9es peuvent diff\u00e9rer de celles de votre juridiction.<\/p>\n<p style=\"font-weight: 400;\">Si vous vous trouvez en dehors de la France et choisissez de nous fournir des informations, veuillez noter que nous transf\u00e9rons les donn\u00e9es, y compris les Donn\u00e9es personnelles, en France o\u00f9 elles sont trait\u00e9es.<\/p>\n<p style=\"font-weight: 400;\">Votre consentement \u00e0 la pr\u00e9sente Politique de confidentialit\u00e9, suivi de la transmission de vos informations, constitue votre acceptation de ce transfert.<\/p>\n<p style=\"font-weight: 400;\">Le Vieux Manoir prendra toutes les mesures raisonnablement n\u00e9cessaires pour garantir que vos donn\u00e9es soient trait\u00e9es de mani\u00e8re s\u00e9curis\u00e9e et conform\u00e9ment \u00e0 la pr\u00e9sente Politique de confidentialit\u00e9. Aucun transfert de vos Donn\u00e9es personnelles n\u2019aura lieu vers une organisation ou un pays \u00e0 moins que des contr\u00f4les ad\u00e9quats ne soient en place, y compris des mesures de s\u00e9curit\u00e9 concernant vos donn\u00e9es et autres informations personnelles.<\/p>\n<p style=\"font-weight: 400;\"><strong>Divulgation des donn\u00e9es<\/strong><\/p>\n<p style=\"font-weight: 400;\">Exigences l\u00e9gales<\/p>\n<p style=\"font-weight: 400;\">Le Vieux Manoir peut divulguer vos Donn\u00e9es personnelles en toute bonne foi s\u2019il estime que cette action est n\u00e9cessaire pour:<\/p>\n<ul>\n<li style=\"font-weight: 400;\">Pour se conformer \u00e0 une obligation l\u00e9gale<\/li>\n<li style=\"font-weight: 400;\">Pour prot\u00e9ger et d\u00e9fendre les droits ou la propri\u00e9t\u00e9 du Vieux Manoir<\/li>\n<li style=\"font-weight: 400;\">Pour pr\u00e9venir ou enqu\u00eater sur d\u2019\u00e9ventuelles activit\u00e9s r\u00e9pr\u00e9hensibles en lien avec le Service<\/li>\n<li style=\"font-weight: 400;\">Pour prot\u00e9ger la s\u00e9curit\u00e9 personnelle des utilisateurs du Service ou du public<\/li>\n<li style=\"font-weight: 400;\">Pour se prot\u00e9ger contre toute responsabilit\u00e9 l\u00e9gale<\/li>\n<\/ul>\n<p style=\"font-weight: 400;\"><strong>&nbsp;<\/strong><\/p>\n<p style=\"font-weight: 400;\"><strong>S\u00e9curit\u00e9 des donn\u00e9es<\/strong><\/p>\n<p style=\"font-weight: 400;\">La s\u00e9curit\u00e9 de vos donn\u00e9es est importante pour nous, mais n\u2019oubliez pas qu\u2019aucune m\u00e9thode de transmission sur Internet ni aucun mode de stockage \u00e9lectronique n\u2019est s\u00e9curis\u00e9 \u00e0 100 %. Bien que nous mettions en \u0153uvre des moyens commercialement acceptables pour prot\u00e9ger vos Donn\u00e9es personnelles, nous ne pouvons en garantir la s\u00e9curit\u00e9 absolue.<\/p>\n<p style=\"font-weight: 400;\"><strong>Fournisseurs de services<\/strong><\/p>\n<p style=\"font-weight: 400;\">Nous pouvons faire appel \u00e0 des soci\u00e9t\u00e9s et \u00e0 des personnes tierces (\u00ab Fournisseurs de services \u00bb) pour faciliter la fourniture de notre Service, le fournir en notre nom, ex\u00e9cuter des services li\u00e9s au Service ou nous aider \u00e0 analyser la mani\u00e8re dont notre Service est utilis\u00e9.<\/p>\n<p style=\"font-weight: 400;\">Ces tiers ont acc\u00e8s \u00e0 vos Donn\u00e9es personnelles uniquement pour ex\u00e9cuter ces t\u00e2ches en notre nom et sont tenus de ne pas les divulguer ni les utiliser \u00e0 d\u2019autres fins.<\/p>\n<p style=\"font-weight: 400;\"><strong>Services d\u2019analyse<\/strong><\/p>\n<p style=\"font-weight: 400;\">Nous pouvons utiliser des Fournisseurs de services tiers pour surveiller et analyser l\u2019utilisation de notre Service.<\/p>\n<ul>\n<li style=\"font-weight: 400;\"><strong>Google Analytics<\/strong><\/li>\n<\/ul>\n<p style=\"font-weight: 400;\">Google Analytics est un service d\u2019analyse d\u2019audience Internet propos\u00e9 par Google, qui suit et rend compte du trafic sur les sites web. Google utilise les donn\u00e9es collect\u00e9es pour suivre et surveiller l\u2019utilisation de notre Service. Ces donn\u00e9es sont partag\u00e9es avec d\u2019autres services de Google. Google peut utiliser les donn\u00e9es collect\u00e9es pour contextualiser et personnaliser les annonces de son propre r\u00e9seau publicitaire.<\/p>\n<p style=\"font-weight: 400;\">Vous pouvez d\u00e9sactiver le suivi de votre activit\u00e9 sur le Service par Google Analytics en installant le module compl\u00e9mentaire de navigateur pour la d\u00e9sactivation de Google Analytics. Ce module emp\u00eache le JavaScript de Google Analytics (ga.js, analytics.js et dc.js) de partager des informations avec Google Analytics concernant l\u2019activit\u00e9 des visites.<\/p>\n<p style=\"font-weight: 400;\">Pour en savoir plus sur les pratiques de confidentialit\u00e9 de Google, veuillez consulter la page suivante : R\u00e8gles de confidentialit\u00e9 et conditions d\u2019utilisation de Google:&nbsp;<a href=\"https:\/\/policies.google.com\/privacy?hl=en\">https:\/\/policies.google.com\/privacy?hl=en<\/a><\/p>\n<p style=\"font-weight: 400;\"><strong>Liens vers d\u2019autres sites<\/strong><\/p>\n<p style=\"font-weight: 400;\">Notre Service peut contenir des liens vers d\u2019autres sites qui ne sont pas exploit\u00e9s par nous. Si vous cliquez sur un lien tiers, vous serez redirig\u00e9 vers le site de ce tiers. Nous vous conseillons vivement de consulter la politique de confidentialit\u00e9 de chaque site que vous visitez.<\/p>\n<p style=\"font-weight: 400;\">Nous n\u2019exer\u00e7ons aucun contr\u00f4le sur le contenu, les politiques de confidentialit\u00e9 ou les pratiques des sites ou services tiers, et d\u00e9clinons toute responsabilit\u00e9 \u00e0 leur \u00e9gard.<\/p>\n<p style=\"font-weight: 400;\"><strong>Protection de la vie priv\u00e9e des enfants<\/strong><\/p>\n<p style=\"font-weight: 400;\">Notre Service ne s\u2019adresse pas aux personnes \u00e2g\u00e9es de moins de 18 ans (\u00ab enfants \u00bb).<\/p>\n<p style=\"font-weight: 400;\">Nous ne collectons pas sciemment d\u2019informations personnelles identifiables aupr\u00e8s de personnes \u00e2g\u00e9es de moins de 18 ans. Si vous \u00eates un parent ou un tuteur et que vous savez que votre enfant nous a fourni des Donn\u00e9es personnelles, veuillez nous contacter. Si nous prenons connaissance que nous avons collect\u00e9 des Donn\u00e9es personnelles d\u2019enfants sans v\u00e9rification du consentement parental, nous prendrons les mesures n\u00e9cessaires pour supprimer ces informations de nos serveurs.<\/p>\n<p style=\"font-weight: 400;\"><strong>Modifications de la pr\u00e9sente politique de confidentialit\u00e9<\/strong><\/p>\n<p style=\"font-weight: 400;\">Nous pouvons mettre \u00e0 jour notre Politique de confidentialit\u00e9 de temps \u00e0 autre. Nous vous informerons de toute modification en publiant la nouvelle Politique de confidentialit\u00e9 sur cette page.<\/p>\n<p style=\"font-weight: 400;\">Nous vous informerons par e-mail et\/ou par un avis visible sur notre Service avant que la modification ne prenne effet, et nous mettrons \u00e0 jour la \u00ab date d\u2019entr\u00e9e en vigueur \u00bb en haut de cette Politique de confidentialit\u00e9.<\/p>\n<p style=\"font-weight: 400;\">Nous vous recommandons de consulter r\u00e9guli\u00e8rement cette Politique de confidentialit\u00e9 pour prendre connaissance des \u00e9ventuelles modifications. Les changements prennent effet d\u00e8s leur publication sur cette page.<\/p>\n<p style=\"font-weight: 400;\"><strong>Contact<\/strong><\/p>\n<p style=\"font-weight: 400;\">Si vous avez des questions concernant cette Politique de confidentialit\u00e9, veuillez nous contacter:<\/p>\n<ul>\n<li style=\"font-weight: 400;\">Par e-mail: <a href=\"mailto:anne@levieuxmanoir-amboise.com\">anne@levieuxmanoir-amboise.com<\/a><\/li>\n<li style=\"font-weight: 400;\">En visitant cette page sur notre site web: <a href=\"https:\/\/levieuxmanoir-amboise.com\/fr\/privacy\/\">https:\/\/levieuxmanoir-amboise.com\/privacy<\/a><\/li>\n<\/ul>\t\t\t\t\t\t<\/div>\n\t\t\t\t<\/div>\n\t\t\t\t\t<\/div>\n\t\t\t\t<\/div>\n\t\t\t\t<\/div>","protected":false},"excerpt":{"rendered":"<p>Privacy Policy Effective date: July 12, 2024 Le Vieux Manoir (&#8220;us&#8221;, &#8220;we&#8221;, or &#8220;our&#8221;) operates the http:\/\/levieuxmanoir.com-amboise\/ website (the &#8220;Service&#8221;). This page informs you of our policies regarding the collection, use, and disclosure of personal data when you use our Service and the choices you have associated with that data.&nbsp; We use your data to [&hellip;]<\/p>","protected":false},"author":6615,"featured_media":0,"parent":0,"menu_order":0,"comment_status":"closed","ping_status":"closed","template":"elementor_header_footer","meta":{"footnotes":""},"class_list":["post-3994","page","type-page","status-publish","hentry"],"_links":{"self":[{"href":"https:\/\/levieuxmanoir-amboise.com\/fr\/wp-json\/wp\/v2\/pages\/3994","targetHints":{"allow":["GET"]}}],"collection":[{"href":"https:\/\/levieuxmanoir-amboise.com\/fr\/wp-json\/wp\/v2\/pages"}],"about":[{"href":"https:\/\/levieuxmanoir-amboise.com\/fr\/wp-json\/wp\/v2\/types\/page"}],"author":[{"embeddable":true,"href":"https:\/\/levieuxmanoir-amboise.com\/fr\/wp-json\/wp\/v2\/users\/6615"}],"replies":[{"embeddable":true,"href":"https:\/\/levieuxmanoir-amboise.com\/fr\/wp-json\/wp\/v2\/comments?post=3994"}],"version-history":[{"count":22,"href":"https:\/\/levieuxmanoir-amboise.com\/fr\/wp-json\/wp\/v2\/pages\/3994\/revisions"}],"predecessor-version":[{"id":4604,"href":"https:\/\/levieuxmanoir-amboise.com\/fr\/wp-json\/wp\/v2\/pages\/3994\/revisions\/4604"}],"wp:attachment":[{"href":"https:\/\/levieuxmanoir-amboise.com\/fr\/wp-json\/wp\/v2\/media?parent=3994"}],"curies":[{"name":"wp","href":"https:\/\/api.w.org\/{rel}","templated":true}]}}